{"id":1290,"date":"2017-08-04T16:41:35","date_gmt":"2017-08-04T16:41:35","guid":{"rendered":"http:\/\/www.korculovanie.eu\/?page_id=1290"},"modified":"2017-08-06T12:56:10","modified_gmt":"2017-08-06T12:56:10","slug":"zdokonalovaci-kurz-korculovania-pre-hokejistov-2","status":"publish","type":"page","link":"http:\/\/www.korculovanie.eu\/?page_id=1290","title":{"rendered":"ZDOKONA\u013dOVAC\u00cd KURZ KOR\u010cU\u013dOVANIA PRE HOKEJISTOV"},"content":{"rendered":"<p style=\"text-align: left;\"><a href=\"http:\/\/www.korculovanie.eu\/wp-content\/uploads\/2017\/08\/hokejisti.png\"><img decoding=\"async\" loading=\"lazy\" class=\"size-medium wp-image-1296 alignleft\" src=\"http:\/\/www.korculovanie.eu\/wp-content\/uploads\/2017\/08\/hokejisti-300x262.png\" alt=\"\" width=\"300\" height=\"262\" srcset=\"http:\/\/www.korculovanie.eu\/wp-content\/uploads\/2017\/08\/hokejisti-300x262.png 300w, http:\/\/www.korculovanie.eu\/wp-content\/uploads\/2017\/08\/hokejisti.png 435w\" sizes=\"(max-width: 300px) 100vw, 300px\" \/><\/a>Je to kurz ur\u010den\u00fd mlad\u00fdm hokejistom. Chcete ma\u0165 z V\u00e1\u0161ho syna dobr\u00e9ho hokejistu? Aby sa zdokonalil v samotnej technike kor\u010du\u013eovania, ktor\u00e1 je pre hokej ve\u013emi potrebn\u00e1 pon\u00fakame V\u00e1m zdokona\u013eovac\u00ed kurz kor\u010du\u013eovania pre hokejistov. Nebojte sa \u2013 neo\u013eutujete &#8230;&#8230;&#8230;..<br \/>\nBudeme radi ak svojimi dlhoro\u010dn\u00fdmi sk\u00fasenos\u0165ami prispejeme k zlep\u0161eniu kvality kor\u010du\u013eovania a v\u00fdkonnosti Va\u0161ich det\u00ed.<\/p>\n","protected":false},"excerpt":{"rendered":"<p>Je to kurz ur\u010den\u00fd mlad\u00fdm hokejistom. Chcete ma\u0165 z V\u00e1\u0161ho syna dobr\u00e9ho hokejistu? Aby sa zdokonalil v samotnej technike kor\u010du\u013eovania, ktor\u00e1 je pre hokej ve\u013emi potrebn\u00e1 pon\u00fakame V\u00e1m zdokona\u013eovac\u00ed kurz kor\u010du\u013eovania pre hokejistov. Nebojte sa \u2013 neo\u013eutujete &#8230;&#8230;&#8230;.. Budeme radi ak svojimi dlhoro\u010dn\u00fdmi sk\u00fasenos\u0165ami prispejeme k zlep\u0161eniu kvality kor\u010du\u013eovania a v\u00fdkonnosti Va\u0161ich det\u00ed.<\/p>\n","protected":false},"author":1,"featured_media":0,"parent":0,"menu_order":0,"comment_status":"closed","ping_status":"closed","template":"","meta":{"ngg_post_thumbnail":0},"_links":{"self":[{"href":"http:\/\/www.korculovanie.eu\/index.php?rest_route=\/wp\/v2\/pages\/1290"}],"collection":[{"href":"http:\/\/www.korculovanie.eu\/index.php?rest_route=\/wp\/v2\/pages"}],"about":[{"href":"http:\/\/www.korculovanie.eu\/index.php?rest_route=\/wp\/v2\/types\/page"}],"author":[{"embeddable":true,"href":"http:\/\/www.korculovanie.eu\/index.php?rest_route=\/wp\/v2\/users\/1"}],"replies":[{"embeddable":true,"href":"http:\/\/www.korculovanie.eu\/index.php?rest_route=%2Fwp%2Fv2%2Fcomments&post=1290"}],"version-history":[{"count":4,"href":"http:\/\/www.korculovanie.eu\/index.php?rest_route=\/wp\/v2\/pages\/1290\/revisions"}],"predecessor-version":[{"id":1382,"href":"http:\/\/www.korculovanie.eu\/index.php?rest_route=\/wp\/v2\/pages\/1290\/revisions\/1382"}],"wp:attachment":[{"href":"http:\/\/www.korculovanie.eu\/index.php?rest_route=%2Fwp%2Fv2%2Fmedia&parent=1290"}],"curies":[{"name":"wp","href":"https:\/\/api.w.org\/{rel}","templated":true}]}}