{"id":1292,"date":"2017-08-04T16:48:57","date_gmt":"2017-08-04T16:48:57","guid":{"rendered":"http:\/\/www.korculovanie.eu\/?page_id=1292"},"modified":"2017-08-06T12:54:52","modified_gmt":"2017-08-06T12:54:52","slug":"kurz-korculovania-pre-deti-a-mladez-vo-veku-od-4-do-18-rokov","status":"publish","type":"page","link":"http:\/\/www.korculovanie.eu\/?page_id=1292","title":{"rendered":"KURZ KOR\u010cU\u013dOVANIA PRE DETI A ML\u00c1DE\u017d VO VEKU OD 4 DO 18 ROKOV"},"content":{"rendered":"<p style=\"text-align: left;\"><strong><a href=\"http:\/\/www.korculovanie.eu\/wp-content\/uploads\/2017\/08\/prazdniny.jpg\"><img decoding=\"async\" loading=\"lazy\" class=\"alignleft wp-image-1297 size-medium\" src=\"http:\/\/www.korculovanie.eu\/wp-content\/uploads\/2017\/08\/prazdniny-300x300.jpg\" alt=\"\" width=\"300\" height=\"300\" srcset=\"http:\/\/www.korculovanie.eu\/wp-content\/uploads\/2017\/08\/prazdniny-300x300.jpg 300w, http:\/\/www.korculovanie.eu\/wp-content\/uploads\/2017\/08\/prazdniny-150x150.jpg 150w, http:\/\/www.korculovanie.eu\/wp-content\/uploads\/2017\/08\/prazdniny.jpg 435w\" sizes=\"(max-width: 300px) 100vw, 300px\" \/><\/a>Kurz je zameran\u00fd<\/strong><br \/>\n&#8211; pre \u00fapln\u00fdch za\u010diato\u010dn\u00edkov od veku 4 rokov vy\u0161\u0161ie. Hravou formou sa \u00fapln\u00ed za\u010diato\u010dn\u00edci nau\u010dia pada\u0165 a vst\u00e1va\u0165, \u0161tvorno\u017ekova\u0165 a \u0161m\u00fdka\u0165 sa po \u013eade, cupita\u0165, be\u017ea\u0165 a k\u013aza\u0165 sa po \u013eade, zoh\u00fdba\u0165 kolienka a jazdi\u0165 na oboch noh\u00e1ch a nesk\u00f4r dokonca aj na jednej nohe.- pre mierne pokro\u010dil\u00fdch je to n\u00e1cvik a v\u00fdu\u010dba z\u00e1kladn\u00fdch kor\u010duliarskych prvkov<br \/>\n&#8211; pre pokro\u010dilej\u0161\u00edch, kde sa u\u017e viac zameriava na jazdenie v kolen\u00e1ch pri v\u0161etk\u00fdch cvikoch, ur\u010dit\u00e9 prvky zvl\u00e1dnu z miesta (bez rozbehu) a v\u0161etky cvi\u010denia sa u\u010dia aj vzad.<br \/>\nTento kurz je organizovan\u00e1 v\u00fdu\u010dba kor\u010du\u013eovania pre v\u0161etky deti a ml\u00e1de\u017e vo veku od 4 do 18 rokov, ktor\u00ed sa chc\u00fa nau\u010di\u0165 z\u00e1klady, alebo zlep\u0161i\u0165 v kor\u010du\u013eovan\u00ed, pritom sa pobavi\u0165 a zdravo si za\u0161portova\u0165.<\/p>\n<p style=\"text-align: left;\"><strong>V\u0161etky tieto kor\u010duliarske kurzy s\u00fa veden\u00e9 kvalifikovan\u00fdmi tr\u00e9nermi a ich asistentmi.<\/strong><\/p>\n","protected":false},"excerpt":{"rendered":"<p>Kurz je zameran\u00fd &#8211; pre \u00fapln\u00fdch za\u010diato\u010dn\u00edkov od veku 4 rokov vy\u0161\u0161ie. Hravou formou sa \u00fapln\u00ed za\u010diato\u010dn\u00edci nau\u010dia pada\u0165 a vst\u00e1va\u0165, \u0161tvorno\u017ekova\u0165 a \u0161m\u00fdka\u0165 sa po \u013eade, cupita\u0165, be\u017ea\u0165 a k\u013aza\u0165 sa po \u013eade, zoh\u00fdba\u0165 kolienka a jazdi\u0165 na oboch noh\u00e1ch a nesk\u00f4r dokonca aj na jednej nohe.- pre mierne pokro\u010dil\u00fdch je to n\u00e1cvik a v\u00fdu\u010dba z\u00e1kladn\u00fdch kor\u010duliarskych prvkov &#8211; pre pokro\u010dilej\u0161\u00edch, kde sa u\u017e viac zameriava na jazdenie v kolen\u00e1ch pri v\u0161etk\u00fdch cvikoch, ur\u010dit\u00e9 prvky zvl\u00e1dnu z miesta (bez rozbehu) a v\u0161etky cvi\u010denia sa u\u010dia aj vzad. Tento kurz je organizovan\u00e1 v\u00fdu\u010dba kor\u010du\u013eovania pre v\u0161etky deti a ml\u00e1de\u017e vo&#8230; <\/p>\n","protected":false},"author":1,"featured_media":0,"parent":0,"menu_order":0,"comment_status":"closed","ping_status":"closed","template":"","meta":{"ngg_post_thumbnail":0},"_links":{"self":[{"href":"http:\/\/www.korculovanie.eu\/index.php?rest_route=\/wp\/v2\/pages\/1292"}],"collection":[{"href":"http:\/\/www.korculovanie.eu\/index.php?rest_route=\/wp\/v2\/pages"}],"about":[{"href":"http:\/\/www.korculovanie.eu\/index.php?rest_route=\/wp\/v2\/types\/page"}],"author":[{"embeddable":true,"href":"http:\/\/www.korculovanie.eu\/index.php?rest_route=\/wp\/v2\/users\/1"}],"replies":[{"embeddable":true,"href":"http:\/\/www.korculovanie.eu\/index.php?rest_route=%2Fwp%2Fv2%2Fcomments&post=1292"}],"version-history":[{"count":3,"href":"http:\/\/www.korculovanie.eu\/index.php?rest_route=\/wp\/v2\/pages\/1292\/revisions"}],"predecessor-version":[{"id":1380,"href":"http:\/\/www.korculovanie.eu\/index.php?rest_route=\/wp\/v2\/pages\/1292\/revisions\/1380"}],"wp:attachment":[{"href":"http:\/\/www.korculovanie.eu\/index.php?rest_route=%2Fwp%2Fv2%2Fmedia&parent=1292"}],"curies":[{"name":"wp","href":"https:\/\/api.w.org\/{rel}","templated":true}]}}