{"id":1395,"date":"2017-11-05T17:12:36","date_gmt":"2017-11-05T17:12:36","guid":{"rendered":"http:\/\/www.korculovanie.eu\/?page_id=1395"},"modified":"2018-10-02T18:23:25","modified_gmt":"2018-10-02T18:23:25","slug":"kurzy-korculovania-na-zimnom-stadione-crow-arena-kosice","status":"publish","type":"page","link":"http:\/\/www.korculovanie.eu\/?page_id=1395","title":{"rendered":"KURZY KOR\u010c\u013dOVANIA NA ZIMNOM \u0160TDI\u00d3NE CROW ar\u00e9na KO\u0160ICE"},"content":{"rendered":"<p><a href=\"http:\/\/www.korculovanie.eu\/wp-content\/uploads\/2017\/11\/kurzy.jpg\"><img decoding=\"async\" loading=\"lazy\" class=\"size-medium wp-image-1398 alignleft\" src=\"http:\/\/www.korculovanie.eu\/wp-content\/uploads\/2017\/11\/kurzy-300x300.jpg\" alt=\"\" width=\"300\" height=\"300\"><\/a>Kurz je zameran\u00fd pre \u00fapln\u00fdch za\u010diato\u010dn\u00edkov, ktor\u00ed maj\u00fa z\u00e1ujem nau\u010di\u0165 sa z\u00e1klady kor\u010du\u013eovania, ale aj pre v\u0161etk\u00fdch, ktor\u00ed sa chc\u00fa zdokonali\u0165 v kor\u010du\u013eovan\u00ed, pritom sa pobavi\u0165 a zdravo si za\u0161portova\u0165.<\/p>\n<p><strong>V\u0161etky tieto kor\u010duliarske kurzy s\u00fa veden\u00e9 kvalifikovan\u00fdmi tr\u00e9nermi a ich asistentmi.<\/strong><\/p>\n<p>&nbsp;<strong><a href=\"http:\/\/www.korculovanie.eu\/?p=1410\">Kurzy kor\u010du\u013eovania &#8211; ponuka na rok 2018<\/a><\/strong><\/p>\n","protected":false},"excerpt":{"rendered":"<p>Kurz je zameran\u00fd pre \u00fapln\u00fdch za\u010diato\u010dn\u00edkov, ktor\u00ed maj\u00fa z\u00e1ujem nau\u010di\u0165 sa z\u00e1klady kor\u010du\u013eovania, ale aj pre v\u0161etk\u00fdch, ktor\u00ed sa chc\u00fa zdokonali\u0165 v kor\u010du\u013eovan\u00ed, pritom sa pobavi\u0165 a zdravo si za\u0161portova\u0165. V\u0161etky tieto kor\u010duliarske kurzy s\u00fa veden\u00e9 kvalifikovan\u00fdmi tr\u00e9nermi a ich asistentmi. &nbsp;Kurzy kor\u010du\u013eovania &#8211; ponuka na rok 2018<\/p>\n","protected":false},"author":1,"featured_media":0,"parent":0,"menu_order":0,"comment_status":"closed","ping_status":"closed","template":"","meta":{"ngg_post_thumbnail":0},"_links":{"self":[{"href":"http:\/\/www.korculovanie.eu\/index.php?rest_route=\/wp\/v2\/pages\/1395"}],"collection":[{"href":"http:\/\/www.korculovanie.eu\/index.php?rest_route=\/wp\/v2\/pages"}],"about":[{"href":"http:\/\/www.korculovanie.eu\/index.php?rest_route=\/wp\/v2\/types\/page"}],"author":[{"embeddable":true,"href":"http:\/\/www.korculovanie.eu\/index.php?rest_route=\/wp\/v2\/users\/1"}],"replies":[{"embeddable":true,"href":"http:\/\/www.korculovanie.eu\/index.php?rest_route=%2Fwp%2Fv2%2Fcomments&post=1395"}],"version-history":[{"count":7,"href":"http:\/\/www.korculovanie.eu\/index.php?rest_route=\/wp\/v2\/pages\/1395\/revisions"}],"predecessor-version":[{"id":1476,"href":"http:\/\/www.korculovanie.eu\/index.php?rest_route=\/wp\/v2\/pages\/1395\/revisions\/1476"}],"wp:attachment":[{"href":"http:\/\/www.korculovanie.eu\/index.php?rest_route=%2Fwp%2Fv2%2Fmedia&parent=1395"}],"curies":[{"name":"wp","href":"https:\/\/api.w.org\/{rel}","templated":true}]}}