{"id":2,"date":"2011-09-27T18:51:43","date_gmt":"2011-09-27T18:51:43","guid":{"rendered":"http:\/\/www.korculovanie.eu\/?page_id=2"},"modified":"2022-02-27T09:53:07","modified_gmt":"2022-02-27T09:53:07","slug":"o-nas","status":"publish","type":"page","link":"http:\/\/www.korculovanie.eu\/?page_id=2","title":{"rendered":"O N\u00c1S"},"content":{"rendered":"<div style=\"text-align: center;\"><span style=\"font-size: medium;\"><strong><a href=\"http:\/\/www.korculovanie.eu\/wp-content\/uploads\/2011\/09\/M_SR_medailisti_s_tr\u00e9nerkami_p1.T\u00f6czikov_ou_a_p.Lip\u010d\u00e1kovou.jpg\"><img decoding=\"async\" loading=\"lazy\" class=\"size-large wp-image-206 aligncenter\" title=\"OLYMPUS DIGITAL CAMERA\" src=\"http:\/\/www.korculovanie.eu\/wp-content\/uploads\/2011\/09\/M_SR_medailisti_s_tr\u00e9nerkami_p1.T\u00f6czikov_ou_a_p.Lip\u010d\u00e1kovou-1024x820.jpg\" alt=\"\" width=\"614\" height=\"492\" srcset=\"http:\/\/www.korculovanie.eu\/wp-content\/uploads\/2011\/09\/M_SR_medailisti_s_tr\u00e9nerkami_p1.T\u00f6czikov_ou_a_p.Lip\u010d\u00e1kovou-1024x820.jpg 1024w, http:\/\/www.korculovanie.eu\/wp-content\/uploads\/2011\/09\/M_SR_medailisti_s_tr\u00e9nerkami_p1.T\u00f6czikov_ou_a_p.Lip\u010d\u00e1kovou-300x240.jpg 300w\" sizes=\"(max-width: 614px) 100vw, 614px\" \/><\/a><\/strong><\/span><\/div>\n<div style=\"text-align: center;\"><span style=\"font-size: medium;\"><strong>&nbsp;<\/strong><\/span><\/div>\n<div style=\"text-align: center;\">\n<div style=\"text-align: center;\"><span style=\"font-size: medium;\">&nbsp;<\/span><\/div>\n<p><span style=\"color: #ffffff;\">.<\/span><\/p>\n<\/div>\n<div style=\"text-align: center;\"><strong><span style=\"font-size: medium;\">V\u0161etky kurzy sa bud\u00fa kona\u0165 pod veden\u00edm n\u00e1s dvoch- tr\u00e9neriek krasokor\u010du\u013eovania<\/span><\/strong><\/div>\n<div>&nbsp;<\/div>\n<div><strong><span style=\"font-size: small;\">HANA T\u0150CZIKOV\u00c1<\/span><\/strong><\/div>\n<div style=\"text-align: left;\">Krasokor\u010du\u013eovaniu som vern\u00e1 od r.1961, kedy ma m\u00f4j otec doniesol na \u013ead a zap\u00edsal ma do krasokor\u010duliarskeho oddielu TJ Lokomot\u00edva Ko\u0161ice.<br \/>\nAkt\u00edvnou pretek\u00e1rkou som bola do roku 1972, kedy som ako pretek\u00e1rka I. v\u00fdkonnostnej triedy \/v s\u00fa\u010dasnosti kateg\u00f3ria seniorov\/ ukon\u010dila svoju akt\u00edvnu pretek\u00e1rsku \u010dinnos\u0165 a zapojila som sa do tr\u00e9nerskej pr\u00e1ce.<br \/>\nDia\u013ekov\u00fdm \u0161t\u00fadiom na FTV\u0160 UK v Bratislave som v roku 1981 z\u00edskala kvalifik\u00e1ciu tr\u00e9nera I. triedy so \u0161pecializ\u00e1ciou pre krasokor\u010du\u013eovanie. Pod\u013ea novej akredit\u00e1cie v s\u00falade s rozhodnut\u00edm M\u0160 SR \u010d.od-2009-32540\/45089-2 som dr\u017eite\u013ekou tr\u00e9nerskej licencie s V. kvalifika\u010dn\u00fdm stup\u0148om.<br \/>\nPo\u010das mojej tr\u00e9nerskej pr\u00e1ce som vychovala viacer\u00fdch majstrov Slovenska ako aj medailistov a \u00fa\u010dastn\u00edkov majstrovstiev \u010ceskoslovenska v r\u00f4znych kateg\u00f3ri\u00e1ch od I. a\u017e III. v\u00fdkonnostn\u00fa triedu, ako aj \u00fa\u010dastn\u00edkov JGP, ME, MSJ a tie\u017e MS.<br \/>\n<strong>Mojimi zverencami boli napr.<\/strong> <em>Vikt\u00f3ria Sen\u010d\u00e1kov\u00e1, Iveta Pavl\u00e1skov\u00e1, Martin Kotuli\u010d, Marek Hrabovsk\u00fd, Silvia \u0160tefanova, Alex Miskolczy, Miriam G\u00e1nyjov\u00e1.<\/em><br \/>\n<strong>V novodobej hist\u00f3rii to boli<\/strong> <em>Petra Tresov\u00e1, Miroslava Medveck\u00e1, Andrea Gazsiov\u00e1, Rastislav Vrl\u00e1k, Vikt\u00f3ria Filipov\u00e1, Adriana Sabolov\u00e1, Jakub \u0160trobl, Michaela Sabol\u010d\u00e1kov\u00e1, Miroslava Hri\u0148\u00e1kov\u00e1, Alex Hladon\u00edk, Bohu\u0161 Hrnek, Gregor \u2013 Anton Grin\u010d, Nat\u00e1lia \u0160umichrastov\u00e1<br \/>\n<\/em><strong>Najv\u00e4\u010d\u0161ie \u00faspechy mojich pretek\u00e1rov s\u00fa<\/strong><br \/>\n<strong>Jacquelinne Belenyesiov\u00e1<\/strong> ME Torino 2006 23.miesto<br \/>\nSZU Torino 2007 20.miesto<br \/>\n\u00da\u010dastn\u00ed\u010dka na MS Calgari<br \/>\n<strong>Radka B\u00e1rtov\u00e1<\/strong> MSJ Ljubljana 2005 23.miesto<br \/>\nMSJ Kanada 2006 22.miesto<br \/>\nME Var\u0161ava 2007 23.miesto<br \/>\nEYOF Jaca \u0160panielsko 4.miesto<br \/>\n\u00da\u010dastn\u00ed\u010dka na MS Tokyo<br \/>\nToho \u010dasu pracujem ako tr\u00e9nerka v krasokor\u010duliarskom klube Kraso Centrum Ko\u0161ice, kde m\u00e1m pridelen\u00fa skupinu pretek\u00e1rov od kateg\u00f3rie n\u00e1deje mlad\u0161ie a\u017e po juniorsk\u00fa kateg\u00f3riu. Pracujem aj s najmen\u0161\u00edmi de\u0165mi v pr\u00edpravke klubu.<\/div>\n<div style=\"text-align: left;\">&nbsp;<\/div>\n","protected":false},"excerpt":{"rendered":"<p>&nbsp; &nbsp; . V\u0161etky kurzy sa bud\u00fa kona\u0165 pod veden\u00edm n\u00e1s dvoch- tr\u00e9neriek krasokor\u010du\u013eovania &nbsp; HANA T\u0150CZIKOV\u00c1 Krasokor\u010du\u013eovaniu som vern\u00e1 od r.1961, kedy ma m\u00f4j otec doniesol na \u013ead a zap\u00edsal ma do krasokor\u010duliarskeho oddielu TJ Lokomot\u00edva Ko\u0161ice. Akt\u00edvnou pretek\u00e1rkou som bola do roku 1972, kedy som ako pretek\u00e1rka I. v\u00fdkonnostnej triedy \/v s\u00fa\u010dasnosti kateg\u00f3ria seniorov\/ ukon\u010dila svoju akt\u00edvnu pretek\u00e1rsku \u010dinnos\u0165 a zapojila som sa do tr\u00e9nerskej pr\u00e1ce. Dia\u013ekov\u00fdm \u0161t\u00fadiom na FTV\u0160 UK v Bratislave som v roku 1981 z\u00edskala kvalifik\u00e1ciu tr\u00e9nera I. triedy so \u0161pecializ\u00e1ciou pre krasokor\u010du\u013eovanie. Pod\u013ea novej akredit\u00e1cie v s\u00falade s rozhodnut\u00edm M\u0160 SR \u010d.od-2009-32540\/45089-2 som dr\u017eite\u013ekou&#8230; <\/p>\n","protected":false},"author":1,"featured_media":0,"parent":0,"menu_order":2,"comment_status":"closed","ping_status":"closed","template":"","meta":{"ngg_post_thumbnail":0},"_links":{"self":[{"href":"http:\/\/www.korculovanie.eu\/index.php?rest_route=\/wp\/v2\/pages\/2"}],"collection":[{"href":"http:\/\/www.korculovanie.eu\/index.php?rest_route=\/wp\/v2\/pages"}],"about":[{"href":"http:\/\/www.korculovanie.eu\/index.php?rest_route=\/wp\/v2\/types\/page"}],"author":[{"embeddable":true,"href":"http:\/\/www.korculovanie.eu\/index.php?rest_route=\/wp\/v2\/users\/1"}],"replies":[{"embeddable":true,"href":"http:\/\/www.korculovanie.eu\/index.php?rest_route=%2Fwp%2Fv2%2Fcomments&post=2"}],"version-history":[{"count":48,"href":"http:\/\/www.korculovanie.eu\/index.php?rest_route=\/wp\/v2\/pages\/2\/revisions"}],"predecessor-version":[{"id":1648,"href":"http:\/\/www.korculovanie.eu\/index.php?rest_route=\/wp\/v2\/pages\/2\/revisions\/1648"}],"wp:attachment":[{"href":"http:\/\/www.korculovanie.eu\/index.php?rest_route=%2Fwp%2Fv2%2Fmedia&parent=2"}],"curies":[{"name":"wp","href":"https:\/\/api.w.org\/{rel}","templated":true}]}}