{"id":212,"date":"2015-10-25T09:43:21","date_gmt":"2015-10-25T09:43:21","guid":{"rendered":"http:\/\/www.korculovanie.eu\/?page_id=212"},"modified":"2017-04-30T17:52:34","modified_gmt":"2017-04-30T17:52:34","slug":"uvod","status":"publish","type":"page","link":"http:\/\/www.korculovanie.eu\/","title":{"rendered":"Kor\u010du\u013eovanie"},"content":{"rendered":"<p>&nbsp;<\/p>\n<p style=\"text-align: center;\"><strong><span style=\"font-size: medium;\"><a href=\"http:\/\/www.korculovanie.eu\/wp-content\/uploads\/2012\/03\/vrana-300x296.gif\"><img decoding=\"async\" loading=\"lazy\" class=\"aligncenter size-full wp-image-488\" title=\"vrana-300x296\" src=\"http:\/\/www.korculovanie.eu\/wp-content\/uploads\/2012\/03\/vrana-300x296.gif\" alt=\"\" width=\"300\" height=\"296\" \/><\/a><\/span><\/strong><\/p>\n<p style=\"text-align: center;\">\u00a0<strong><span style=\"font-size: medium;\">Vitajte na na\u0161ej webovej str\u00e1nke<\/span><\/strong><\/p>\n<p style=\"text-align: center;\"><strong>Na tejto na\u0161ej str\u00e1nke n\u00e1jdete v\u0161etky inform\u00e1cie o r\u00f4znych kurzoch kor\u010du\u013eovania, ktor\u00e9 by sme radi postupne v r\u00e1mci mo\u017enosti v Ko\u0161iciach uskuto\u010dnili.<\/strong><\/p>\n<p style=\"text-align: center;\">Kor\u010du\u013eovanie je z\u00e1kladom pre dva najpopul\u00e1rnej\u0161ie zimn\u00e9 \u0161porty \u2013 hokej a krasokor\u010du\u013eovanie.<br \/>\nJe\u00a0 v\u00fdborn\u00fdm doplnkov\u00fdm \u0161portom pre r\u00fdchlokor\u010du\u013eovanie, zimn\u00e9 a vodn\u00e9 ly\u017eovanie a samozrejme aj pre in-line kor\u010du\u013eovanie.<br \/>\nNa\u0161im hlavn\u00fdm cie\u013eom je venova\u0165 sa z\u00e1kladnej v\u00fdu\u010dbe a zdokona\u013eovaniu kor\u010du\u013eovania na \u013eade pre v\u0161etky vekov\u00e9 kateg\u00f3rie det\u00ed, ml\u00e1de\u017e a samozrejme aj pre dospel\u00fdch. Na\u0161imi kurzami kor\u010du\u013eovania by sme radi prispeli k zv\u00fd\u0161eniu telesnej a du\u0161evnej zdatnosti a \u010diasto\u010dne pomohli pri odstr\u00e1nen\u00ed kor\u010duliarskej \u201enegramotnosti \u201e<br \/>\n<strong>A ak\u00e9 v\u00fdhody m\u00e1 kor\u010du\u013eovanie?<\/strong><br \/>\n\u2022 Je jeden z m\u00e1la \u0161portov, ktor\u00fd prispieva k utu\u017eovaniu imunitn\u00e9ho syst\u00e9mu<br \/>\n\u2022 Stimuluje d\u00fdchac\u00ed apar\u00e1t<br \/>\n\u2022 Priaznivo p\u00f4sob\u00ed pri d\u00fdchac\u00edch probl\u00e9moch a alergi\u00e1ch<br \/>\n\u2022 Podporuje spr\u00e1vne dr\u017eanie tela, koordin\u00e1ciu, rozvoj sily a pohyblivos\u0165<br \/>\n\u2022 Chladn\u00e9 a vlhk\u00e9 \/bezpra\u0161n\u00e9 \/ ovzdu\u0161ie na zimnom \u0161tadi\u00f3ne je vhodn\u00e9 pre alergikov a astmatikov<br \/>\n\u2022 Deti s\u00fa veden\u00e9 k \u0161portu a k discipl\u00edne<br \/>\n\u2022 Dospel\u00ed sa nau\u010dia to, na \u010do doteraz nemali \u010das<br \/>\n\u2022 Prispejete k rozvoju Va\u0161ej \u0161portovej zdatnostiV ka\u017edom veku sa m\u00f4\u017eete nie\u010domu nau\u010di\u0165 a to aj bez toho, aby z V\u00e1s boli v\u00fdkonnostn\u00ed \u0161portovci<br \/>\n<strong>\u00a0<\/strong><\/p>\n<p style=\"text-align: center;\"><strong>A\u00a0PRETO<\/strong><\/p>\n<p style=\"text-align: center;\"><strong><span style=\"font-size: small;\">Roz\u0161\u00edrte klub \u0161portov\u00fdch nad\u0161encov a prihl\u00e1ste seba a Va\u0161e die\u0165a na niektor\u00fd z pon\u00fakan\u00fdch kurzov kor\u010du\u013eovania<\/span><\/strong><\/p>\n<p style=\"text-align: center;\"><span style=\"font-size: small;\"><strong><span style=\"color: #ff0000;\">S KURZAMI KOR\u010cU\u013dOVANIA , KTOR\u00c9 SME\u00a0 PRIPRAVILI PRE\u00a0 V\u00c1S:<\/span><\/strong><\/span><\/p>\n<h1 style=\"text-align: center;\"><span style=\"font-size: x-large;\"><strong><a href=\"http:\/\/www.korculovanie.eu\/?cat=4\">Kurzy kor\u010du\u013eovania<\/a>\u00a0<\/strong><\/span><\/h1>\n","protected":false},"excerpt":{"rendered":"<p>&nbsp; \u00a0Vitajte na na\u0161ej webovej str\u00e1nke Na tejto na\u0161ej str\u00e1nke n\u00e1jdete v\u0161etky inform\u00e1cie o r\u00f4znych kurzoch kor\u010du\u013eovania, ktor\u00e9 by sme radi postupne v r\u00e1mci mo\u017enosti v Ko\u0161iciach uskuto\u010dnili. Kor\u010du\u013eovanie je z\u00e1kladom pre dva najpopul\u00e1rnej\u0161ie zimn\u00e9 \u0161porty \u2013 hokej a krasokor\u010du\u013eovanie. Je\u00a0 v\u00fdborn\u00fdm doplnkov\u00fdm \u0161portom pre r\u00fdchlokor\u010du\u013eovanie, zimn\u00e9 a vodn\u00e9 ly\u017eovanie a samozrejme aj pre in-line kor\u010du\u013eovanie. Na\u0161im hlavn\u00fdm cie\u013eom je venova\u0165 sa z\u00e1kladnej v\u00fdu\u010dbe a zdokona\u013eovaniu kor\u010du\u013eovania na \u013eade pre v\u0161etky vekov\u00e9 kateg\u00f3rie det\u00ed, ml\u00e1de\u017e a samozrejme aj pre dospel\u00fdch. Na\u0161imi kurzami kor\u010du\u013eovania by sme radi prispeli k zv\u00fd\u0161eniu telesnej a du\u0161evnej zdatnosti a \u010diasto\u010dne pomohli pri odstr\u00e1nen\u00ed kor\u010duliarskej \u201enegramotnosti&#8230; <\/p>\n","protected":false},"author":1,"featured_media":0,"parent":0,"menu_order":0,"comment_status":"closed","ping_status":"closed","template":"","meta":{"ngg_post_thumbnail":0},"_links":{"self":[{"href":"http:\/\/www.korculovanie.eu\/index.php?rest_route=\/wp\/v2\/pages\/212"}],"collection":[{"href":"http:\/\/www.korculovanie.eu\/index.php?rest_route=\/wp\/v2\/pages"}],"about":[{"href":"http:\/\/www.korculovanie.eu\/index.php?rest_route=\/wp\/v2\/types\/page"}],"author":[{"embeddable":true,"href":"http:\/\/www.korculovanie.eu\/index.php?rest_route=\/wp\/v2\/users\/1"}],"replies":[{"embeddable":true,"href":"http:\/\/www.korculovanie.eu\/index.php?rest_route=%2Fwp%2Fv2%2Fcomments&post=212"}],"version-history":[{"count":229,"href":"http:\/\/www.korculovanie.eu\/index.php?rest_route=\/wp\/v2\/pages\/212\/revisions"}],"predecessor-version":[{"id":1221,"href":"http:\/\/www.korculovanie.eu\/index.php?rest_route=\/wp\/v2\/pages\/212\/revisions\/1221"}],"wp:attachment":[{"href":"http:\/\/www.korculovanie.eu\/index.php?rest_route=%2Fwp%2Fv2%2Fmedia&parent=212"}],"curies":[{"name":"wp","href":"https:\/\/api.w.org\/{rel}","templated":true}]}}